{"id":93,"date":"2025-11-08T22:35:27","date_gmt":"2025-11-08T22:35:27","guid":{"rendered":"https:\/\/solicitadores-sm.pt\/?page_id=93"},"modified":"2025-11-15T20:31:14","modified_gmt":"2025-11-15T20:31:14","slug":"areas-de-intervencao","status":"publish","type":"page","link":"https:\/\/solicitadores-sm.pt\/?page_id=93","title":{"rendered":"\u00c1reas de interven\u00e7\u00e3o"},"content":{"rendered":"\t\t<div data-elementor-type=\"wp-page\" data-elementor-id=\"93\" class=\"elementor elementor-93\">\n\t\t\t\t<div class=\"elementor-element elementor-element-8e65f92 e-flex e-con-boxed e-con e-parent\" data-id=\"8e65f92\" data-element_type=\"container\" data-e-type=\"container\">\n\t\t\t\t\t<div class=\"e-con-inner\">\n\t\t\t\t<div class=\"elementor-element elementor-element-a11249e elementor-widget elementor-widget-html\" data-id=\"a11249e\" data-element_type=\"widget\" data-e-type=\"widget\" data-widget_type=\"html.default\">\n\t\t\t\t\t<style>\r\n  body {\r\n    font-family: 'Lato', sans-serif;\r\n    color: #0b1f3a;\r\n    margin: 0;\r\n    padding: 0;\r\n    background-color: #ffffff;\r\n  }\r\n\r\n  h1, h2, h3 {\r\n    font-family: 'Playfair Display', serif;\r\n    color: #0b1f3a;\r\n  }\r\n\r\n  section {\r\n    padding: 80px 10%;\r\n  }\r\n\r\n  .btn {\r\n    display: inline-block;\r\n    background-color: #caa35d;\r\n    color: #fff;\r\n    padding: 12px 28px;\r\n    border-radius: 30px;\r\n    text-decoration: none;\r\n    font-weight: bold;\r\n    transition: 0.3s;\r\n  }\r\n\r\n  .btn:hover {\r\n    background-color: #b58d48;\r\n  }\r\n\r\n  .container {\r\n    max-width: 1200px;\r\n    margin: auto;\r\n  }\r\n\r\n  .highlight {\r\n    color: #caa35d;\r\n    font-weight: bold;\r\n  }\r\n\r\n  .section-light {\r\n    background-color: #f5f5f5;\r\n  }\r\n\r\n  .icon {\r\n    font-size: 36px;\r\n    color: #caa35d;\r\n    margin-bottom: 10px;\r\n  }\r\n\r\n  footer {\r\n    background-color: #0b1f3a;\r\n    color: white;\r\n    padding: 40px 10%;\r\n    text-align: center;\r\n  }\r\n<\/style>\r\n<section>\r\n  <div class=\"container\">\r\n    <h2 style=\"text-align:center;\">\u00c1reas de Interven\u00e7\u00e3o<\/h2>\r\n    <p style=\"text-align:center; font-size:18px;\">Atuo em v\u00e1rias \u00e1reas do Direito, com especial enfoque em <span class=\"highlight\">registos, contratos, sucess\u00f5es e fiscalidade<\/span>.<\/p>\r\n\r\n    <div style=\"display:flex; flex-wrap:wrap; justify-content:space-around; margin-top:40px; text-align:center;\">\r\n      <div style=\"width:300px; margin:20px;\">\r\n        <div class=\"icon\">\ud83c\udfe0<\/div>\r\n        <h3>Registos e Notariado<\/h3>\r\n        <p>Reconhecimentos, procura\u00e7\u00f5es, certifica\u00e7\u00f5es e autentica\u00e7\u00f5es de documentos.<\/p>\r\n      <\/div>\r\n\r\n      <div style=\"width:300px; margin:20px;\">\r\n        <div class=\"icon\">\ud83d\udcd1<\/div>\r\n        <h3>Contratos e Arrendamentos<\/h3>\r\n        <p>Elabora\u00e7\u00e3o e an\u00e1lise de contratos de compra e venda, arrendamento e trespasse.<\/p>\r\n      <\/div>\r\n\r\n      <div style=\"width:300px; margin:20px;\">\r\n        <div class=\"icon\">\ud83e\uddfe<\/div>\r\n        <h3>Direito Fiscal<\/h3>\r\n        <p>Regulariza\u00e7\u00f5es fiscais, isen\u00e7\u00f5es, reclama\u00e7\u00f5es e apoio junto da Autoridade Tribut\u00e1ria.<\/p>\r\n      <\/div>\r\n\r\n      <div style=\"width:300px; margin:20px;\">\r\n        <div class=\"icon\">\u26b0\ufe0f<\/div>\r\n        <h3>Sucess\u00f5es e Heran\u00e7as<\/h3>\r\n        <p>Planeamento sucess\u00f3rio, habilita\u00e7\u00e3o de herdeiros e partilhas.<\/p>\r\n      <\/div>\r\n\r\n      <div style=\"width:300px; margin:20px;\">\r\n        <div class=\"icon\">\ud83e\uddf1<\/div>\r\n        <h3>Legaliza\u00e7\u00e3o e Registo Predial<\/h3>\r\n        <p>Registo de terrenos e constru\u00e7\u00f5es, pedidos BUPi e atualiza\u00e7\u00e3o cadastral.<\/p>\r\n      <\/div>\r\n      \r\n    <\/div>\r\n\r\n    <div style=\"text-align:center; margin-top:40px;\">\r\n      <p>Cada caso \u00e9 \u00fanico.<br><strong>Explique-me o seu \u2014 eu trato do resto.<\/strong><\/p>\r\n      <a href=\"\/?page_id=120\" class=\"btn\">Falar agora<\/a>\r\n    <\/div>\r\n  <\/div>\r\n<\/section>\r\n<footer>\r\n  <p>\u00a9 2025 Solicitadores-sm | Todos os direitos reservados<\/p>\r\n<\/footer>\r\n\t\t\t\t<\/div>\n\t\t\t\t\t<\/div>\n\t\t\t\t<\/div>\n\t\t\t\t<\/div>\n\t\t","protected":false},"excerpt":{"rendered":"<p>\u00c1reas de Interven\u00e7\u00e3o Atuo em v\u00e1rias \u00e1reas do Direito, com especial enfoque em registos, contratos, sucess\u00f5es e fiscalidade. \ud83c\udfe0 Registos [&hellip;]<\/p>\n","protected":false},"author":1,"featured_media":172,"parent":9,"menu_order":1,"comment_status":"closed","ping_status":"closed","template":"","meta":{"site-sidebar-layout":"no-sidebar","site-content-layout":"","ast-site-content-layout":"full-width-container","site-content-style":"default","site-sidebar-style":"default","ast-global-header-display":"","ast-banner-title-visibility":"","ast-main-header-display":"","ast-hfb-above-header-display":"","ast-hfb-below-header-display":"","ast-hfb-mobile-header-display":"","site-post-title":"disabled","ast-breadcrumbs-content":"","ast-featured-img":"disabled","footer-sml-layout":"","ast-disable-related-posts":"","theme-transparent-header-meta":"","adv-header-id-meta":"","stick-header-meta":"","header-above-stick-meta":"","header-main-stick-meta":"","header-below-stick-meta":"","astra-migrate-meta-layouts":"default","ast-page-background-enabled":"default","ast-page-background-meta":{"desktop":{"background-color":"var(--ast-global-color-5)","background-image":"","background-repeat":"repeat","background-position":"center center","background-size":"auto","background-attachment":"scroll","background-type":"","background-media":"","overlay-type":"","overlay-color":"","overlay-opacity":"","overlay-gradient":""},"tablet":{"background-color":"","background-image":"","background-repeat":"repeat","background-position":"center center","background-size":"auto","background-attachment":"scroll","background-type":"","background-media":"","overlay-type":"","overlay-color":"","overlay-opacity":"","overlay-gradient":""},"mobile":{"background-color":"","background-image":"","background-repeat":"repeat","background-position":"center center","background-size":"auto","background-attachment":"scroll","background-type":"","background-media":"","overlay-type":"","overlay-color":"","overlay-opacity":"","overlay-gradient":""}},"ast-content-background-meta":{"desktop":{"background-color":"var(--ast-global-color-4)","background-image":"","background-repeat":"repeat","background-position":"center center","background-size":"auto","background-attachment":"scroll","background-type":"","background-media":"","overlay-type":"","overlay-color":"","overlay-opacity":"","overlay-gradient":""},"tablet":{"background-color":"var(--ast-global-color-4)","background-image":"","background-repeat":"repeat","background-position":"center center","background-size":"auto","background-attachment":"scroll","background-type":"","background-media":"","overlay-type":"","overlay-color":"","overlay-opacity":"","overlay-gradient":""},"mobile":{"background-color":"var(--ast-global-color-4)","background-image":"","background-repeat":"repeat","background-position":"center center","background-size":"auto","background-attachment":"scroll","background-type":"","background-media":"","overlay-type":"","overlay-color":"","overlay-opacity":"","overlay-gradient":""}},"footnotes":""},"class_list":["post-93","page","type-page","status-publish","has-post-thumbnail","hentry"],"yoast_head":"<!-- This site is optimized with the Yoast SEO plugin v27.4 - https:\/\/yoast.com\/product\/yoast-seo-wordpress\/ -->\n<title>\u00c1reas de interven\u00e7\u00e3o -<\/title>\n<meta name=\"robots\" content=\"index, follow, max-snippet:-1, max-image-preview:large, max-video-preview:-1\" \/>\n<link rel=\"canonical\" href=\"https:\/\/solicitadores-sm.pt\/?page_id=93\" \/>\n<meta property=\"og:locale\" content=\"pt_PT\" \/>\n<meta property=\"og:type\" content=\"article\" \/>\n<meta property=\"og:title\" content=\"\u00c1reas de interven\u00e7\u00e3o -\" \/>\n<meta property=\"og:description\" content=\"\u00c1reas de Interven\u00e7\u00e3o Atuo em v\u00e1rias \u00e1reas do Direito, com especial enfoque em registos, contratos, sucess\u00f5es e fiscalidade. \ud83c\udfe0 Registos [&hellip;]\" \/>\n<meta property=\"og:url\" content=\"https:\/\/solicitadores-sm.pt\/?page_id=93\" \/>\n<meta property=\"article:modified_time\" content=\"2025-11-15T20:31:14+00:00\" \/>\n<meta property=\"og:image\" content=\"https:\/\/solicitadores-sm.pt\/wp-content\/uploads\/2025\/11\/pexels-photo-5669619-5669619-scaled.jpg\" \/>\n\t<meta property=\"og:image:width\" content=\"1707\" \/>\n\t<meta property=\"og:image:height\" content=\"2560\" \/>\n\t<meta property=\"og:image:type\" content=\"image\/jpeg\" \/>\n<meta name=\"twitter:card\" content=\"summary_large_image\" \/>\n<meta name=\"twitter:label1\" content=\"Tempo estimado de leitura\" \/>\n\t<meta name=\"twitter:data1\" content=\"3 minutos\" \/>\n<script type=\"application\/ld+json\" class=\"yoast-schema-graph\">{\"@context\":\"https:\\\/\\\/schema.org\",\"@graph\":[{\"@type\":\"WebPage\",\"@id\":\"https:\\\/\\\/solicitadores-sm.pt\\\/?page_id=93\",\"url\":\"https:\\\/\\\/solicitadores-sm.pt\\\/?page_id=93\",\"name\":\"\u00c1reas de interven\u00e7\u00e3o -\",\"isPartOf\":{\"@id\":\"https:\\\/\\\/solicitadores-sm.pt\\\/#website\"},\"primaryImageOfPage\":{\"@id\":\"https:\\\/\\\/solicitadores-sm.pt\\\/?page_id=93#primaryimage\"},\"image\":{\"@id\":\"https:\\\/\\\/solicitadores-sm.pt\\\/?page_id=93#primaryimage\"},\"thumbnailUrl\":\"https:\\\/\\\/solicitadores-sm.pt\\\/wp-content\\\/uploads\\\/2025\\\/11\\\/pexels-photo-5669619-5669619-scaled.jpg\",\"datePublished\":\"2025-11-08T22:35:27+00:00\",\"dateModified\":\"2025-11-15T20:31:14+00:00\",\"breadcrumb\":{\"@id\":\"https:\\\/\\\/solicitadores-sm.pt\\\/?page_id=93#breadcrumb\"},\"inLanguage\":\"pt-PT\",\"potentialAction\":[{\"@type\":\"ReadAction\",\"target\":[\"https:\\\/\\\/solicitadores-sm.pt\\\/?page_id=93\"]}]},{\"@type\":\"ImageObject\",\"inLanguage\":\"pt-PT\",\"@id\":\"https:\\\/\\\/solicitadores-sm.pt\\\/?page_id=93#primaryimage\",\"url\":\"https:\\\/\\\/solicitadores-sm.pt\\\/wp-content\\\/uploads\\\/2025\\\/11\\\/pexels-photo-5669619-5669619-scaled.jpg\",\"contentUrl\":\"https:\\\/\\\/solicitadores-sm.pt\\\/wp-content\\\/uploads\\\/2025\\\/11\\\/pexels-photo-5669619-5669619-scaled.jpg\",\"width\":1707,\"height\":2560,\"caption\":\"A striking image featuring a brass justice scale and gavel on a wooden desk, symbolizing law and justice.\"},{\"@type\":\"BreadcrumbList\",\"@id\":\"https:\\\/\\\/solicitadores-sm.pt\\\/?page_id=93#breadcrumb\",\"itemListElement\":[{\"@type\":\"ListItem\",\"position\":1,\"name\":\"In\u00edcio\",\"item\":\"https:\\\/\\\/solicitadores-sm.pt\\\/\"},{\"@type\":\"ListItem\",\"position\":2,\"name\":\"Home\",\"item\":\"https:\\\/\\\/solicitadores-sm.pt\\\/\"},{\"@type\":\"ListItem\",\"position\":3,\"name\":\"\u00c1reas de interven\u00e7\u00e3o\"}]},{\"@type\":\"WebSite\",\"@id\":\"https:\\\/\\\/solicitadores-sm.pt\\\/#website\",\"url\":\"https:\\\/\\\/solicitadores-sm.pt\\\/\",\"name\":\"\",\"description\":\"Justi\u00e7a em Primeiro Lugar, Clientes em Primeiro\",\"potentialAction\":[{\"@type\":\"SearchAction\",\"target\":{\"@type\":\"EntryPoint\",\"urlTemplate\":\"https:\\\/\\\/solicitadores-sm.pt\\\/?s={search_term_string}\"},\"query-input\":{\"@type\":\"PropertyValueSpecification\",\"valueRequired\":true,\"valueName\":\"search_term_string\"}}],\"inLanguage\":\"pt-PT\"}]}<\/script>\n<!-- \/ Yoast SEO plugin. -->","yoast_head_json":{"title":"\u00c1reas de interven\u00e7\u00e3o -","robots":{"index":"index","follow":"follow","max-snippet":"max-snippet:-1","max-image-preview":"max-image-preview:large","max-video-preview":"max-video-preview:-1"},"canonical":"https:\/\/solicitadores-sm.pt\/?page_id=93","og_locale":"pt_PT","og_type":"article","og_title":"\u00c1reas de interven\u00e7\u00e3o -","og_description":"\u00c1reas de Interven\u00e7\u00e3o Atuo em v\u00e1rias \u00e1reas do Direito, com especial enfoque em registos, contratos, sucess\u00f5es e fiscalidade. \ud83c\udfe0 Registos [&hellip;]","og_url":"https:\/\/solicitadores-sm.pt\/?page_id=93","article_modified_time":"2025-11-15T20:31:14+00:00","og_image":[{"width":1707,"height":2560,"url":"https:\/\/solicitadores-sm.pt\/wp-content\/uploads\/2025\/11\/pexels-photo-5669619-5669619-scaled.jpg","type":"image\/jpeg"}],"twitter_card":"summary_large_image","twitter_misc":{"Tempo estimado de leitura":"3 minutos"},"schema":{"@context":"https:\/\/schema.org","@graph":[{"@type":"WebPage","@id":"https:\/\/solicitadores-sm.pt\/?page_id=93","url":"https:\/\/solicitadores-sm.pt\/?page_id=93","name":"\u00c1reas de interven\u00e7\u00e3o -","isPartOf":{"@id":"https:\/\/solicitadores-sm.pt\/#website"},"primaryImageOfPage":{"@id":"https:\/\/solicitadores-sm.pt\/?page_id=93#primaryimage"},"image":{"@id":"https:\/\/solicitadores-sm.pt\/?page_id=93#primaryimage"},"thumbnailUrl":"https:\/\/solicitadores-sm.pt\/wp-content\/uploads\/2025\/11\/pexels-photo-5669619-5669619-scaled.jpg","datePublished":"2025-11-08T22:35:27+00:00","dateModified":"2025-11-15T20:31:14+00:00","breadcrumb":{"@id":"https:\/\/solicitadores-sm.pt\/?page_id=93#breadcrumb"},"inLanguage":"pt-PT","potentialAction":[{"@type":"ReadAction","target":["https:\/\/solicitadores-sm.pt\/?page_id=93"]}]},{"@type":"ImageObject","inLanguage":"pt-PT","@id":"https:\/\/solicitadores-sm.pt\/?page_id=93#primaryimage","url":"https:\/\/solicitadores-sm.pt\/wp-content\/uploads\/2025\/11\/pexels-photo-5669619-5669619-scaled.jpg","contentUrl":"https:\/\/solicitadores-sm.pt\/wp-content\/uploads\/2025\/11\/pexels-photo-5669619-5669619-scaled.jpg","width":1707,"height":2560,"caption":"A striking image featuring a brass justice scale and gavel on a wooden desk, symbolizing law and justice."},{"@type":"BreadcrumbList","@id":"https:\/\/solicitadores-sm.pt\/?page_id=93#breadcrumb","itemListElement":[{"@type":"ListItem","position":1,"name":"In\u00edcio","item":"https:\/\/solicitadores-sm.pt\/"},{"@type":"ListItem","position":2,"name":"Home","item":"https:\/\/solicitadores-sm.pt\/"},{"@type":"ListItem","position":3,"name":"\u00c1reas de interven\u00e7\u00e3o"}]},{"@type":"WebSite","@id":"https:\/\/solicitadores-sm.pt\/#website","url":"https:\/\/solicitadores-sm.pt\/","name":"","description":"Justi\u00e7a em Primeiro Lugar, Clientes em Primeiro","potentialAction":[{"@type":"SearchAction","target":{"@type":"EntryPoint","urlTemplate":"https:\/\/solicitadores-sm.pt\/?s={search_term_string}"},"query-input":{"@type":"PropertyValueSpecification","valueRequired":true,"valueName":"search_term_string"}}],"inLanguage":"pt-PT"}]}},"_links":{"self":[{"href":"https:\/\/solicitadores-sm.pt\/index.php?rest_route=\/wp\/v2\/pages\/93","targetHints":{"allow":["GET"]}}],"collection":[{"href":"https:\/\/solicitadores-sm.pt\/index.php?rest_route=\/wp\/v2\/pages"}],"about":[{"href":"https:\/\/solicitadores-sm.pt\/index.php?rest_route=\/wp\/v2\/types\/page"}],"author":[{"embeddable":true,"href":"https:\/\/solicitadores-sm.pt\/index.php?rest_route=\/wp\/v2\/users\/1"}],"replies":[{"embeddable":true,"href":"https:\/\/solicitadores-sm.pt\/index.php?rest_route=%2Fwp%2Fv2%2Fcomments&post=93"}],"version-history":[{"count":19,"href":"https:\/\/solicitadores-sm.pt\/index.php?rest_route=\/wp\/v2\/pages\/93\/revisions"}],"predecessor-version":[{"id":283,"href":"https:\/\/solicitadores-sm.pt\/index.php?rest_route=\/wp\/v2\/pages\/93\/revisions\/283"}],"up":[{"embeddable":true,"href":"https:\/\/solicitadores-sm.pt\/index.php?rest_route=\/wp\/v2\/pages\/9"}],"wp:featuredmedia":[{"embeddable":true,"href":"https:\/\/solicitadores-sm.pt\/index.php?rest_route=\/wp\/v2\/media\/172"}],"wp:attachment":[{"href":"https:\/\/solicitadores-sm.pt\/index.php?rest_route=%2Fwp%2Fv2%2Fmedia&parent=93"}],"curies":[{"name":"wp","href":"https:\/\/api.w.org\/{rel}","templated":true}]}}